{"id":5922,"date":"2025-12-03T21:32:00","date_gmt":"2025-12-03T21:32:00","guid":{"rendered":"https:\/\/cm8.no\/?page_id=5922"},"modified":"2025-12-26T02:42:42","modified_gmt":"2025-12-26T02:42:42","slug":"kontakt-oss","status":"publish","type":"page","link":"https:\/\/cm8.no\/ar\/kontakt-oss\/","title":{"rendered":""},"content":{"rendered":"<div data-elementor-type=\"wp-page\" data-elementor-id=\"5922\" class=\"elementor elementor-5922\">\n\t\t\t\t<div class=\"elementor-element elementor-element-8cb917d e-flex e-con-boxed wpr-particle-no wpr-jarallax-no wpr-parallax-no wpr-sticky-section-no e-con e-parent\" data-id=\"8cb917d\" data-element_type=\"container\">\n\t\t\t\t\t<div class=\"e-con-inner\">\n\t\t\t\t<div class=\"elementor-element elementor-element-5a8e33f elementor-widget elementor-widget-spacer\" data-id=\"5a8e33f\" data-element_type=\"widget\" data-widget_type=\"spacer.default\">\n\t\t\t\t<div class=\"elementor-widget-container\">\n\t\t\t\t\t\t\t<div class=\"elementor-spacer\">\n\t\t\t<div class=\"elementor-spacer-inner\"><\/div>\n\t\t<\/div>\n\t\t\t\t\t\t<\/div>\n\t\t\t\t<\/div>\n\t\t\t\t\t<\/div>\n\t\t\t\t<\/div>\n\t\t<div class=\"elementor-element elementor-element-255119e e-con-full e-flex wpr-particle-no wpr-jarallax-no wpr-parallax-no wpr-sticky-section-no e-con e-parent\" data-id=\"255119e\" data-element_type=\"container\">\n\t\t\t\t<div class=\"elementor-element elementor-element-54ac4d4 elementor-widget elementor-widget-heading\" data-id=\"54ac4d4\" data-element_type=\"widget\" data-widget_type=\"heading.default\">\n\t\t\t\t<div class=\"elementor-widget-container\">\n\t\t\t\t\t<h2 class=\"elementor-heading-title elementor-size-default\">\u0627\u062a\u0635\u0644 \u0628\u0646\u0627<\/h2>\t\t\t\t<\/div>\n\t\t\t\t<\/div>\n\t\t\t\t<\/div>\n\t\t<div class=\"elementor-element elementor-element-1d256dc e-flex e-con-boxed wpr-particle-no wpr-jarallax-no wpr-parallax-no wpr-sticky-section-no e-con e-parent\" data-id=\"1d256dc\" data-element_type=\"container\">\n\t\t\t\t\t<div class=\"e-con-inner\">\n\t\t<div class=\"elementor-element elementor-element-a8de3be e-con-full e-flex wpr-particle-no wpr-jarallax-no wpr-parallax-no wpr-sticky-section-no e-con e-child\" data-id=\"a8de3be\" data-element_type=\"container\">\n\t\t\t\t<div class=\"elementor-element elementor-element-b0aa2e0 elementor-widget elementor-widget-text-editor\" data-id=\"b0aa2e0\" data-element_type=\"widget\" data-widget_type=\"text-editor.default\">\n\t\t\t\t<div class=\"elementor-widget-container\">\n\t\t\t\t\t\t\t\t\t<p>\u0647\u0644 \u0644\u062f\u064a\u0643 \u0623\u064a \u0623\u0633\u0626\u0644\u0629 \u062d\u0648\u0644 \u0627\u0644\u0634\u0642\u0642 \u0623\u0648 \u0627\u0644\u0645\u0634\u0631\u0648\u0639\u061f<\/p><p>\u064a\u0633\u0639\u062f\u0646\u0627 \u0627\u0644\u0631\u062f \u0639\u0644\u0649 \u0627\u0633\u062a\u0641\u0633\u0627\u0631\u0627\u062a\u0643.<\/p><p>\u0623\u0631\u0633\u0644 \u0644\u0646\u0627 \u0631\u0633\u0627\u0644\u0629 \u0639\u0628\u0631 \u0646\u0645\u0648\u0630\u062c \u0627\u0644\u0627\u062a\u0635\u0627\u0644 \u0648\u0633\u0646\u0639\u0627\u0648\u062f \u0627\u0644\u0627\u062a\u0635\u0627\u0644 \u0628\u0643 \u0641\u064a \u0623\u0642\u0631\u0628 \u0648\u0642\u062a \u0645\u0645\u0643\u0646.<\/p><p>\u0627\u0644\u0628\u0631\u064a\u062f \u0627\u0644\u0625\u0644\u0643\u062a\u0631\u0648\u0646\u064a: post@rabita.no<\/p><p>\u064a\u0645\u0643\u0646\u0643 \u0623\u064a\u0636\u0627\u064b \u0627\u0644\u062a\u0648\u0627\u0635\u0644 \u0645\u0639\u0646\u0627 \u0639\u0628\u0631 \u0627\u0644\u0647\u0627\u062a\u0641 \u0639\u0644\u0649 \u0627\u0644\u0631\u0642\u0645 (\u200e+47 957 68 056\u200e)\u00a0<\/p>\t\t\t\t\t\t\t\t<\/div>\n\t\t\t\t<\/div>\n\t\t\t\t<\/div>\n\t\t<div class=\"elementor-element elementor-element-7e0d800 e-con-full e-flex wpr-particle-no wpr-jarallax-no wpr-parallax-no wpr-sticky-section-no e-con e-child\" data-id=\"7e0d800\" data-element_type=\"container\">\n\t\t\t\t<div class=\"elementor-element elementor-element-c5e45fd elementor-widget elementor-widget-shortcode\" data-id=\"c5e45fd\" data-element_type=\"widget\" data-widget_type=\"shortcode.default\">\n\t\t\t\t<div class=\"elementor-widget-container\">\n\t\t\t\t\t\t\t<div class=\"elementor-shortcode\"><style id=\"wpforms-css-vars-5924\">\n\t\t\t\t#wpforms-5924 {\n\t\t\t\t--wpforms-field-background-color: ;\n--wpforms-field-border-color: #BAA069;\n--wpforms-field-border-color-spare: #BAA069;\n--wpforms-field-text-color: rgba(0, 0, 0, 0.7);\n--wpforms-label-color: rgba(0, 0, 0, 0.85);\n--wpforms-label-sublabel-color: rgba(0, 0, 0, 0.55);\n--wpforms-button-background-color: #405130;\n--wpforms-container-padding: 0px;\n--wpforms-container-border-width: 1px;\n--wpforms-container-border-radius: 3px;\n--wpforms-background-color: rgba(0, 0, 0, 0);\n--wpforms-field-size-input-height: 43px;\n--wpforms-field-size-input-spacing: 15px;\n--wpforms-field-size-font-size: 16px;\n--wpforms-field-size-line-height: 19px;\n--wpforms-field-size-padding-h: 14px;\n--wpforms-field-size-checkbox-size: 16px;\n--wpforms-field-size-sublabel-spacing: 5px;\n--wpforms-field-size-icon-size: 1;\n--wpforms-label-size-font-size: 16px;\n--wpforms-label-size-line-height: 19px;\n--wpforms-label-size-sublabel-font-size: 14px;\n--wpforms-label-size-sublabel-line-height: 17px;\n--wpforms-button-size-font-size: 17px;\n--wpforms-button-size-height: 41px;\n--wpforms-button-size-padding-h: 15px;\n--wpforms-button-size-margin-top: 10px;\n--wpforms-container-shadow-size-box-shadow: none;\n\t\t\t}\n\t\t\t<\/style><div class=\"wpforms-container wpforms-container-full wpforms-render-modern\" id=\"wpforms-5924\"><form id=\"wpforms-form-5924\" class=\"wpforms-validate wpforms-form wpforms-ajax-form\" data-formid=\"5924\" method=\"post\" enctype=\"multipart\/form-data\" action=\"\/ar\/wp-json\/wp\/v2\/pages\/5922\" data-token=\"83710219c59de594c92bdfd3a5d64bbf\" data-token-time=\"1775410063\" data-trp-original-action=\"\/ar\/wp-json\/wp\/v2\/pages\/5922\"><noscript class=\"wpforms-error-noscript\">Please enable JavaScript in your browser to complete this form.<\/noscript><div id=\"wpforms-error-noscript\" style=\"display: none;\">Please enable JavaScript in your browser to complete this form.<\/div><div class=\"wpforms-field-container\"><div id=\"wpforms-5924-field_1-container\" class=\"wpforms-field wpforms-field-name\" data-field-id=\"1\"><label class=\"wpforms-field-label\" for=\"wpforms-5924-field_1\">\u0627\u0644\u0627\u0633\u0645 \u0627\u0644\u0643\u0627\u0645\u0644 <span class=\"wpforms-required-label\" aria-hidden=\"true\">*<\/span><\/label><input type=\"text\" id=\"wpforms-5924-field_1\" class=\"wpforms-field-medium wpforms-field-required\" name=\"wpforms[fields][1]\" aria-errormessage=\"wpforms-5924-field_1-error\" required><\/div><div id=\"wpforms-5924-field_2-container\" class=\"wpforms-field wpforms-field-email\" data-field-id=\"2\"><label class=\"wpforms-field-label\" for=\"wpforms-5924-field_2\">\u0639\u0646\u0648\u0627\u0646 \u0627\u0644\u0628\u0631\u064a\u062f \u0627\u0644\u0625\u0644\u0643\u062a\u0631\u0648\u0646\u064a <span class=\"wpforms-required-label\" aria-hidden=\"true\">*<\/span><\/label><input type=\"email\" id=\"wpforms-5924-field_2\" class=\"wpforms-field-medium wpforms-field-required\" name=\"wpforms[fields][2]\" spellcheck=\"false\" aria-errormessage=\"wpforms-5924-field_2-error\" required><\/div>\t\t<div id=\"wpforms-5924-field_4-container\"\n\t\t\tclass=\"wpforms-field wpforms-field-text\"\n\t\t\tdata-field-type=\"text\"\n\t\t\tdata-field-id=\"4\"\n\t\t\t>\n\t\t\t<label class=\"wpforms-field-label\" for=\"wpforms-5924-field_4\" >navn Melding E-post<\/label>\n\t\t\t<input type=\"text\" id=\"wpforms-5924-field_4\" class=\"wpforms-field-medium\" name=\"wpforms[fields][4]\" >\n\t\t<\/div>\n\t\t<div id=\"wpforms-5924-field_3-container\" class=\"wpforms-field wpforms-field-textarea\" data-field-id=\"3\"><label class=\"wpforms-field-label\" for=\"wpforms-5924-field_3\">\u0627\u0644\u0625\u062e\u0637\u0627\u0631<\/label><textarea id=\"wpforms-5924-field_3\" class=\"wpforms-field-medium\" name=\"wpforms[fields][3]\" aria-errormessage=\"wpforms-5924-field_3-error\" ><\/textarea><\/div><script>\n\t\t\t\t( function() {\n\t\t\t\t\tconst style = document.createElement( 'style' );\n\t\t\t\t\tstyle.appendChild( document.createTextNode( '#wpforms-5924-field_4-container { position: absolute !important; overflow: hidden !important; display: inline !important; height: 1px !important; width: 1px !important; z-index: -1000 !important; padding: 0 !important; } #wpforms-5924-field_4-container input { visibility: hidden; } #wpforms-conversational-form-page #wpforms-5924-field_4-container label { counter-increment: none; }' ) );\n\t\t\t\t\tdocument.head.appendChild( style );\n\t\t\t\t\tdocument.currentScript?.remove();\n\t\t\t\t} )();\n\t\t\t<\/script><\/div><!-- .wpforms-field-container --><div class=\"wpforms-submit-container\" ><input type=\"hidden\" name=\"wpforms[id]\" value=\"5924\"><input type=\"hidden\" name=\"page_title\" value=\"\"><input type=\"hidden\" name=\"page_url\" value=\"https:\/\/cm8.no\/ar\/wp-json\/wp\/v2\/pages\/5922\"><input type=\"hidden\" name=\"url_referer\" value=\"\"><button type=\"submit\" name=\"wpforms[submit]\" id=\"wpforms-submit-5924\" class=\"wpforms-submit\" data-alt-text=\"Sender...\" data-submit-text=\"Send\" aria-live=\"assertive\" value=\"wpforms-submit\">\u0625\u0631\u0633\u0627\u0644<\/button><img decoding=\"async\" src=\"https:\/\/cm8.no\/wp-content\/plugins\/wpforms-lite\/assets\/images\/submit-spin.svg\" class=\"wpforms-submit-spinner\" style=\"display: none;\" width=\"26\" height=\"26\" alt=\"Loading\"><\/div><input type=\"hidden\" name=\"trp-form-language\" value=\"ar\"\/><\/form><\/div>  <!-- .wpforms-container -->\t<\/div>\n\t\t\t\t\t\t<\/div>\n\t\t\t\t<\/div>\n\t\t\t\t<\/div>\n\t\t\t\t\t<\/div>\n\t\t\t\t<\/div>\n\t\t<div class=\"elementor-element elementor-element-b128256 e-flex e-con-boxed wpr-particle-no wpr-jarallax-no wpr-parallax-no wpr-sticky-section-no e-con e-parent\" data-id=\"b128256\" data-element_type=\"container\">\n\t\t\t\t\t<div class=\"e-con-inner\">\n\t\t\t\t\t<\/div>\n\t\t\t\t<\/div>\n\t\t\t\t<\/div>","protected":false},"excerpt":{"rendered":"<p>Kontakt oss Har du sp\u00f8rsm\u00e5l om leilighetene eller prosjektet? Vi svarer gjerne. Send oss en melding via kontaktskjemaet, s\u00e5 kommer vi tilbake til deg s\u00e5 snart som mulig. E-post: post@rabita.no Du kan ogs\u00e5 n\u00e5 oss p\u00e5 telefon +47 414 04 160\u00a0<\/p>","protected":false},"author":1,"featured_media":0,"parent":0,"menu_order":0,"comment_status":"closed","ping_status":"closed","template":"","meta":{"footnotes":""},"class_list":["post-5922","page","type-page","status-publish","hentry"],"_links":{"self":[{"href":"https:\/\/cm8.no\/ar\/wp-json\/wp\/v2\/pages\/5922","targetHints":{"allow":["GET"]}}],"collection":[{"href":"https:\/\/cm8.no\/ar\/wp-json\/wp\/v2\/pages"}],"about":[{"href":"https:\/\/cm8.no\/ar\/wp-json\/wp\/v2\/types\/page"}],"author":[{"embeddable":true,"href":"https:\/\/cm8.no\/ar\/wp-json\/wp\/v2\/users\/1"}],"replies":[{"embeddable":true,"href":"https:\/\/cm8.no\/ar\/wp-json\/wp\/v2\/comments?post=5922"}],"version-history":[{"count":65,"href":"https:\/\/cm8.no\/ar\/wp-json\/wp\/v2\/pages\/5922\/revisions"}],"predecessor-version":[{"id":6552,"href":"https:\/\/cm8.no\/ar\/wp-json\/wp\/v2\/pages\/5922\/revisions\/6552"}],"wp:attachment":[{"href":"https:\/\/cm8.no\/ar\/wp-json\/wp\/v2\/media?parent=5922"}],"curies":[{"name":"wp","href":"https:\/\/api.w.org\/{rel}","templated":true}]}}