{"id":5831,"date":"2025-12-03T19:45:53","date_gmt":"2025-12-03T19:45:53","guid":{"rendered":"https:\/\/cm8.no\/?page_id=5831"},"modified":"2025-12-23T17:15:19","modified_gmt":"2025-12-23T17:15:19","slug":"om-prosjektet","status":"publish","type":"page","link":"https:\/\/cm8.no\/ar\/om-prosjektet\/","title":{"rendered":""},"content":{"rendered":"<div data-elementor-type=\"wp-page\" data-elementor-id=\"5831\" class=\"elementor elementor-5831\">\n\t\t\t\t<div class=\"elementor-element elementor-element-19e5c01 e-flex e-con-boxed wpr-particle-no wpr-jarallax-no wpr-parallax-no wpr-sticky-section-no e-con e-parent\" data-id=\"19e5c01\" data-element_type=\"container\">\n\t\t\t\t\t<div class=\"e-con-inner\">\n\t\t\t\t<div class=\"elementor-element elementor-element-e7bdfab elementor-widget elementor-widget-spacer\" data-id=\"e7bdfab\" data-element_type=\"widget\" data-widget_type=\"spacer.default\">\n\t\t\t\t<div class=\"elementor-widget-container\">\n\t\t\t\t\t\t\t<div class=\"elementor-spacer\">\n\t\t\t<div class=\"elementor-spacer-inner\"><\/div>\n\t\t<\/div>\n\t\t\t\t\t\t<\/div>\n\t\t\t\t<\/div>\n\t\t\t\t\t<\/div>\n\t\t\t\t<\/div>\n\t\t<div class=\"elementor-element elementor-element-9a1e087 e-flex e-con-boxed wpr-particle-no wpr-jarallax-no wpr-parallax-no wpr-sticky-section-no e-con e-parent\" data-id=\"9a1e087\" data-element_type=\"container\">\n\t\t\t\t\t<div class=\"e-con-inner\">\n\t\t\t\t<div class=\"elementor-element elementor-element-8cba740 elementor-widget elementor-widget-heading\" data-id=\"8cba740\" data-element_type=\"widget\" data-widget_type=\"heading.default\">\n\t\t\t\t<div class=\"elementor-widget-container\">\n\t\t\t\t\t<h2 class=\"elementor-heading-title elementor-size-default\">\u062d\u0648\u0644 \u0627\u0644\u0645\u0634\u0631\u0648\u0639<\/h2>\t\t\t\t<\/div>\n\t\t\t\t<\/div>\n\t\t\t\t\t<\/div>\n\t\t\t\t<\/div>\n\t\t<div class=\"elementor-element elementor-element-446f4fd7 e-flex e-con-boxed wpr-particle-no wpr-jarallax-no wpr-parallax-no wpr-sticky-section-no e-con e-parent\" data-id=\"446f4fd7\" data-element_type=\"container\">\n\t\t\t\t\t<div class=\"e-con-inner\">\n\t\t\t\t<div class=\"elementor-element elementor-element-3f28f074 elementor-widget elementor-widget-text-editor\" data-id=\"3f28f074\" data-element_type=\"widget\" data-widget_type=\"text-editor.default\">\n\t\t\t\t<div class=\"elementor-widget-container\">\n\t\t\t\t\t\t\t\t\t<p>\u0641\u064a \u0642\u0644\u0628 \u0623\u0648\u0633\u0644\u0648\u060c \u0648\u0639\u0644\u0649 \u0634\u0627\u0631\u0639 Calmeyers gate\u060c \u064a\u062a\u0634\u0643\u0644 \u0645\u0634\u0631\u0648\u0639 \u0633\u0643\u0646\u064a \u062d\u062f\u064a\u062b \u064a\u0642\u062f\u0645 \u0623\u0633\u0644\u0648\u0628 \u062d\u064a\u0627\u0629 \u062d\u0636\u0631\u064a \u0645\u062a\u0648\u0627\u0632\u0646 \u064a\u062c\u0645\u0639 \u0628\u064a\u0646 \u0627\u0644\u062d\u064a\u0648\u064a\u0629 \u0648\u0627\u0644\u0633\u0643\u0646\u064a\u0629. \u0647\u0646\u0627 \u062a\u062c\u062f \u0645\u0633\u0643\u0646\u0627\u064b \u064a\u0648\u0641\u0631 \u0627\u0644\u0623\u0645\u0627\u0646 \u0648\u0627\u0644\u0631\u0627\u062d\u0629\u060c \u0648\u062a\u0643\u0648\u0646 \u0641\u064a\u0647 \u062a\u0641\u0627\u0635\u064a\u0644 \u0627\u0644\u062d\u064a\u0627\u0629 \u0627\u0644\u064a\u0648\u0645\u064a\u0629 \u0639\u0644\u0649 \u0628\u064f\u0639\u062f \u062e\u0637\u0648\u0627\u062a\u060c \u0636\u0645\u0646 \u0628\u064a\u0626\u0629 \u0645\u062f\u0631\u0648\u0633\u0629 \u062a\u0631\u062a\u0642\u064a \u0628\u0627\u0644\u062d\u064a \u0648\u062a\u0636\u064a\u0641 \u0625\u0644\u064a\u0647 \u0642\u064a\u0645\u0629 \u0645\u0639\u0645\u0627\u0631\u064a\u0629 \u0648\u0627\u062c\u062a\u0645\u0627\u0639\u064a\u0629.<\/p><p>\u062a\u0634\u0643\u0644 \u0647\u0630\u0647 \u0627\u0644\u0645\u0633\u0627\u0643\u0646 \u062c\u0632\u0621\u0627\u064b \u0645\u0646 \u0645\u0634\u0631\u0648\u0639 \u062a\u0637\u0648\u064a\u0631\u064a \u0645\u062a\u0643\u0627\u0645\u0644 \u064a\u0636\u0645 \u0645\u0633\u0627\u062d\u0627\u062a \u0645\u062e\u0635\u0635\u0629 \u0644\u0644\u0642\u0627\u0621\u0627\u062a\u060c \u0648\u0645\u0631\u0627\u0641\u0642 \u062b\u0642\u0627\u0641\u064a\u0629 \u0648\u062a\u0639\u0644\u064a\u0645\u064a\u0629\u060c \u0648\u0645\u0646\u0627\u0637\u0642 \u062e\u0627\u0631\u062c\u064a\u0629 \u062c\u0645\u064a\u0644\u0629. \u0648\u0627\u0644\u063a\u0627\u064a\u0629 \u0645\u0646 \u0630\u0644\u0643 \u062e\u0644\u0642 \u0645\u062c\u062a\u0645\u0639 \u0633\u0643\u0646\u064a \u0646\u0627\u0628\u0636 \u0628\u0627\u0644\u062d\u064a\u0627\u0629\u060c \u064a\u0639\u0632\u0632 \u0631\u0648\u062d \u0627\u0644\u062a\u0641\u0627\u0639\u0644 \u0648\u0627\u0644\u062a\u0642\u0627\u0631\u0628 \u0628\u064a\u0646 \u0627\u0644\u0633\u0643\u0627\u0646 \u0645\u0646 \u0645\u062e\u062a\u0644\u0641 \u0627\u0644\u0623\u0639\u0645\u0627\u0631\u060c \u0648\u064a\u062c\u0639\u0644 \u0645\u0646 \u0627\u0644\u0645\u0643\u0627\u0646 \u0623\u0643\u062b\u0631 \u0645\u0646 \u0645\u062c\u0631\u062f \u0645\u0648\u0642\u0639 \u0644\u0644\u0633\u0643\u0646.<\/p><h6>\u00a0<\/h6><h3><b>\u0645\u0648\u0642\u0639 \u0641\u064a \u0642\u0644\u0628 \u0627\u0644\u0645\u062f\u064a\u0646\u0629<\/b><\/h3><p class=\"p3\">\u062a\u0642\u0639 Calmeyers gate \u0641\u064a \u0623\u062d\u062f \u0623\u062d\u064a\u0627\u0621 \u0623\u0648\u0633\u0644\u0648 \u0627\u0644\u0639\u0631\u064a\u0642\u0629 \u0648\u0627\u0644\u062c\u0630\u0627\u0628\u0629\u060c \u0639\u0644\u0649 \u0645\u0642\u0631\u0628\u0629 \u0645\u0646 \u0623\u0647\u0645 \u0645\u0631\u0627\u0641\u0642 \u0627\u0644\u0645\u062f\u064a\u0646\u0629 \u0648\u0645\u0631\u0627\u0643\u0632\u0647\u0627 \u0627\u0644\u062d\u064a\u0648\u064a\u0629.<\/p><ul><li><p class=\"p1\">\u0645\u0633\u0627\u0641\u0629 \u0644\u0627 \u062a\u062a\u062c\u0627\u0648\u0632 5 \u0625\u0644\u0649 10 \u062f\u0642\u0627\u0626\u0642 \u0633\u064a\u0631\u0627\u064b \u0639\u0644\u0649 \u0627\u0644\u0623\u0642\u062f\u0627\u0645 \u0625\u0644\u0649 \u0648\u0633\u0637 \u0623\u0648\u0633\u0644\u0648\u060c \u0648\u0627\u0644\u0628\u0631\u0644\u0645\u0627\u0646\u060c \u0648\u0623\u0628\u0631\u0632 \u0645\u0646\u0627\u0637\u0642 \u0627\u0644\u0645\u062f\u064a\u0646\u0629 \u0627\u0644\u0645\u0631\u0643\u0632\u064a\u0629.<\/p><\/li><li><p class=\"p1\">\u0645\u0633\u0627\u0641\u0629 \u0642\u0635\u064a\u0631\u0629 \u0625\u0644\u0649 \u0627\u0644\u0628\u0631\u0644\u0645\u0627\u0646 \u0627\u0644\u0646\u0631\u0648\u064a\u062c\u064a \u0648\u0645\u0631\u0643\u0632 \u0627\u0644\u0645\u062f\u064a\u0646\u0629<\/p><\/li><li><p class=\"p1\">\u0645\u0631\u0627\u0641\u0642 \u062a\u0639\u0644\u064a\u0645\u064a\u0629 \u0648\u0642\u0627\u0639\u0627\u062a \u0645\u0631\u0646\u0629 \u0641\u064a \u0627\u0644\u0637\u0648\u0627\u0628\u0642 \u0627\u0644\u0633\u0641\u0644\u064a\u0629 \u0645\u0647\u064a\u0651\u0623\u0629 \u0644\u0644\u062f\u0648\u0631\u0627\u062a \u0648\u0627\u0644\u0627\u062c\u062a\u0645\u0627\u0639\u0627\u062a \u0648\u0627\u0644\u0645\u062d\u0627\u0636\u0631\u0627\u062a<\/p><\/li><li><p class=\"p1\">\u2022 \u064a\u0642\u0639 \u0627\u0644\u0645\u0628\u0646\u0649 \u0641\u064a \u0634\u0627\u0631\u0639 \u062c\u0627\u0646\u0628\u064a \u0647\u0627\u062f\u0626\u060c \u064a\u0648\u0641\u0631 \u0623\u062c\u0648\u0627\u0621 \u0623\u0643\u062b\u0631 \u062e\u0635\u0648\u0635\u064a\u0629 \u0648\u0631\u0627\u062d\u0629 \u0645\u0642\u0627\u0631\u0646\u0629 \u0628\u0627\u0644\u0634\u0648\u0627\u0631\u0639 \u0627\u0644\u0631\u0626\u064a\u0633\u064a\u0629 \u0627\u0644\u0645\u062d\u064a\u0637\u0629.<\/p><\/li><\/ul><p class=\"p3\">\u064a\u0648\u0641\u0631 \u0627\u0644\u0645\u0648\u0642\u0639 \u062a\u0648\u0627\u0632\u0646\u064b\u0627 \u0646\u0627\u062f\u0631\u064b\u0627 \u0628\u064a\u0646 \u0633\u0647\u0648\u0644\u0629 \u0627\u0644\u0648\u0635\u0648\u0644 \u0625\u0644\u0649 \u0627\u0644\u0645\u062f\u064a\u0646\u0629 \u0648\u0627\u0644\u0647\u062f\u0648\u0621 \u0627\u0644\u0633\u0643\u0646\u064a.<\/p><p class=\"p3\"><b>\u00a0<\/b><\/p><p><b>\u062c\u0648\u062f\u0629 \u0633\u0643\u0646\u064a\u0629 \u0648\u0645\u0633\u0627\u062d\u0627\u062a \u062a\u062c\u0645\u0639 \u0645\u0645\u064a\u0651\u0632\u0629<\/b><\/p><p class=\"p3\">\u062a\u0645 \u062a\u0635\u0645\u064a\u0645 \u0627\u0644\u0648\u062d\u062f\u0627\u062a \u0627\u0644\u0633\u0643\u0646\u064a\u0629 \u0628\u0639\u0646\u0627\u064a\u0629\u060c \u0645\u0639 \u0627\u0644\u062a\u0631\u0643\u064a\u0632 \u0639\u0644\u0649 \u0645\u062e\u0637\u0637\u0627\u062a \u0639\u0645\u0644\u064a\u0629\u060c \u0648\u0625\u0636\u0627\u0621\u0629 \u0637\u0628\u064a\u0639\u064a\u0629 \u0648\u0627\u0641\u0631\u0629\u060c \u0648\u0645\u0639\u0627\u064a\u064a\u0631 \u0628\u0646\u0627\u0621 \u062d\u062f\u064a\u062b\u0629\u060c \u062d\u064a\u062b \u062a\u0644\u0639\u0628 \u0627\u0644\u0646\u0648\u0627\u0641\u0630 \u0627\u0644\u0648\u0627\u0633\u0639\u0629\u060c \u0648\u0627\u0644\u0645\u0633\u0627\u062d\u0627\u062a \u0627\u0644\u062f\u0627\u062e\u0644\u064a\u0629 \u0627\u0644\u0645\u0631\u064a\u062d\u0629\u060c \u0648\u0627\u0644\u0634\u0631\u0641\u0627\u062a \u0627\u0644\u062c\u064a\u062f\u0629 \u0627\u0644\u062a\u0647\u0648\u064a\u0629 \u062f\u0648\u0631\u0627\u064b \u0641\u0639\u0627\u0644\u0627\u064b \u0644\u062c\u0639\u0644 \u0643\u0644 \u0645\u0646\u0632\u0644 \u0645\u0643\u0627\u0646\u0627\u064b \u0645\u0645\u062a\u0639\u0627\u064b \u0648\u0635\u062d\u064a\u0627\u064b \u0644\u0644\u0639\u064a\u0634 \u0648\u0627\u0644\u0627\u0633\u062a\u0642\u0631\u0627\u0631 \u0644\u062c\u0645\u064a\u0639 \u0623\u0641\u0631\u0627\u062f \u0627\u0644\u0623\u0633\u0631\u0629.<\/p><p class=\"p3\">\u0643\u0645\u0627 \u064a\u0636\u0645 \u0627\u0644\u0645\u0634\u0631\u0648\u0639 \u0645\u062c\u0645\u0648\u0639\u0629 \u0645\u0646 \u0627\u0644\u0645\u0631\u0627\u0641\u0642 \u0627\u0644\u0645\u0634\u062a\u0631\u0643\u0629\u060c \u0645\u0646 \u0628\u064a\u0646\u0647\u0627<\/p><ul><li><p class=\"p1\"><span class=\"s1\"><b>\u0645\u0633\u0627\u062d\u0627\u062a \u062e\u0636\u0631\u0627\u0621 \u062e\u0627\u0631\u062c\u064a\u0629 \u0648\u0633\u0627\u062d\u0629 \u0645\u0641\u062a\u0648\u062d\u0629.<\/b><\/span> \u0644\u0644\u062c\u0644\u0648\u0633 \u0648\u0627\u0644\u0632\u0631\u0627\u0639\u0629 \u0648\u0627\u0644\u0623\u0646\u0634\u0637\u0629 \u0627\u0644\u064a\u0648\u0645\u064a\u0629\u00a0<\/p><\/li><li><p class=\"p1\"><span class=\"s1\"><b>\u0642\u0627\u0639\u0629 \u0645\u062a\u0639\u062f\u062f\u0629 \u0627\u0644\u0627\u0633\u062a\u062e\u062f\u0627\u0645\u0627\u062a \u0648\u063a\u0631\u0641 \u0645\u062e\u0635\u0635\u0629<\/b><\/span> \u0644\u0644\u0623\u0646\u0634\u0637\u0629 \u0648\u0627\u0644\u0645\u0646\u0627\u0633\u0628\u0627\u062a \u0627\u0644\u0627\u062c\u062a\u0645\u0627\u0639\u064a\u0629.<\/p><\/li><li><p class=\"p1\"><span class=\"s1\"><b>\u0645\u0631\u0627\u0641\u0642 \u062a\u0639\u0644\u064a\u0645\u064a\u0629<\/b><\/span> \u0641\u064a \u0627\u0644\u0637\u0648\u0627\u0628\u0642 \u0627\u0644\u0633\u0641\u0644\u064a\u0629 \u0645\u0647\u064a\u0623\u0629 \u0644\u0644\u062f\u0648\u0631\u0627\u062a \u0648\u0627\u0644\u0627\u062c\u062a\u0645\u0627\u0639\u0627\u062a \u0648\u0627\u0644\u0645\u062d\u0627\u0636\u0631\u0627\u062a.\u00a0<\/p><\/li><li><p class=\"p1\"><span class=\"s1\"><b>\u0645\u0643\u062a\u0628\u0629 \u0648\u0645\u0646\u0627\u0637\u0642 \u0627\u062c\u062a\u0645\u0627\u0639\u064a\u0629<\/b><\/span> \u0634\u0631\u0641\u0627\u062a \u0639\u0644\u0649 \u0627\u0644\u0623\u0633\u0637\u062d<\/p><\/li><li><p class=\"p1\"><span class=\"s1\"><b>\u062a\u062a\u064a\u062d \u0625\u0637\u0644\u0627\u0644\u0627\u062a \u062c\u0645\u064a\u0644\u0629 \u0639\u0644\u0649 \u0627\u0644\u0645\u062f\u064a\u0646\u0629.<\/b><\/span> \u0645\u0639 \u0625\u0637\u0644\u0627\u0644\u0629 \u0639\u0644\u0649 \u0627\u0644\u0645\u062f\u064a\u0646\u0629<\/p><\/li><\/ul><p class=\"p3\">\u0643\u0644 \u0647\u0630\u0647 \u0627\u0644\u0639\u0646\u0627\u0635\u0631 \u0645\u062c\u062a\u0645\u0639\u0629 \u062a\u062e\u0644\u0642 \u0628\u064a\u0626\u0629 \u0633\u0643\u0646\u064a\u0629 \u0645\u062a\u0643\u0627\u0645\u0644\u0629\u060c \u062a\u0634\u062c\u0639 \u0639\u0644\u0649 \u0627\u0644\u062a\u0641\u0627\u0639\u0644 \u0627\u0644\u0627\u062c\u062a\u0645\u0627\u0639\u064a\u060c \u0648\u062a\u0645\u0646\u062d \u0627\u0644\u0633\u0643\u0627\u0646 \u0634\u0639\u0648\u0631\u0627\u064b \u0628\u0627\u0644\u0627\u0646\u062a\u0645\u0627\u0621 \u0648\u0627\u0644\u0631\u0627\u062d\u0629 \u0641\u064a \u0622\u0646 \u0648\u0627\u062d\u062f.<\/p>\t\t\t\t\t\t\t\t<\/div>\n\t\t\t\t<\/div>\n\t\t\t\t\t<\/div>\n\t\t\t\t<\/div>\n\t\t<div class=\"elementor-element elementor-element-6903d6c e-flex e-con-boxed wpr-particle-no wpr-jarallax-no wpr-parallax-no wpr-sticky-section-no e-con e-parent\" data-id=\"6903d6c\" data-element_type=\"container\">\n\t\t\t\t\t<div class=\"e-con-inner\">\n\t\t\t\t<div class=\"elementor-element elementor-element-68f2140 elementor-arrows-position-inside elementor-pagination-position-outside elementor-widget elementor-widget-image-carousel\" data-id=\"68f2140\" data-element_type=\"widget\" data-settings=\"{&quot;navigation&quot;:&quot;both&quot;,&quot;autoplay&quot;:&quot;yes&quot;,&quot;pause_on_hover&quot;:&quot;yes&quot;,&quot;pause_on_interaction&quot;:&quot;yes&quot;,&quot;autoplay_speed&quot;:5000,&quot;infinite&quot;:&quot;yes&quot;,&quot;speed&quot;:500}\" data-widget_type=\"image-carousel.default\">\n\t\t\t\t<div class=\"elementor-widget-container\">\n\t\t\t\t\t\t\t<div class=\"elementor-image-carousel-wrapper swiper\" role=\"region\" aria-roledescription=\"carousel\" aria-label=\"\u062f\u0648\u0651\u0627\u0631 \u0627\u0644\u0635\u0648\u0631\" dir=\"ltr\">\n\t\t\t<div class=\"elementor-image-carousel swiper-wrapper\" aria-live=\"off\">\n\t\t\t\t\t\t\t\t<div class=\"swiper-slide\" role=\"group\" aria-roledescription=\"slide\" aria-label=\"1 \u0645\u0646 26\"><figure class=\"swiper-slide-inner\"><img decoding=\"async\" class=\"swiper-slide-image\" src=\"https:\/\/cm8.no\/wp-content\/uploads\/2025\/12\/ai-final-8-300x300.jpg\" alt=\"ai final 8\" \/><\/figure><\/div><div class=\"swiper-slide\" role=\"group\" aria-roledescription=\"slide\" aria-label=\"2 \u0645\u0646 26\"><figure class=\"swiper-slide-inner\"><img decoding=\"async\" class=\"swiper-slide-image\" src=\"https:\/\/cm8.no\/wp-content\/uploads\/2025\/12\/ai-final-18-1-300x300.jpg\" alt=\"ai final 18\" \/><\/figure><\/div><div class=\"swiper-slide\" role=\"group\" aria-roledescription=\"slide\" aria-label=\"3 \u0645\u0646 26\"><figure class=\"swiper-slide-inner\"><img decoding=\"async\" class=\"swiper-slide-image\" src=\"https:\/\/cm8.no\/wp-content\/uploads\/2025\/12\/ai-final-9-300x300.jpg\" alt=\"ai final 9\" \/><\/figure><\/div><div class=\"swiper-slide\" role=\"group\" aria-roledescription=\"slide\" aria-label=\"4 \u0645\u0646 26\"><figure class=\"swiper-slide-inner\"><img decoding=\"async\" class=\"swiper-slide-image\" src=\"https:\/\/cm8.no\/wp-content\/uploads\/2025\/12\/ai-final-22-1-300x300.jpg\" alt=\"ai final 22\" \/><\/figure><\/div><div class=\"swiper-slide\" role=\"group\" aria-roledescription=\"slide\" aria-label=\"5 \u0645\u0646 26\"><figure class=\"swiper-slide-inner\"><img decoding=\"async\" class=\"swiper-slide-image\" src=\"https:\/\/cm8.no\/wp-content\/uploads\/2025\/12\/minbar-1-1-300x300.jpg\" alt=\"minbar 1\" \/><\/figure><\/div><div class=\"swiper-slide\" role=\"group\" aria-roledescription=\"slide\" aria-label=\"6 \u0645\u0646 26\"><figure class=\"swiper-slide-inner\"><img decoding=\"async\" class=\"swiper-slide-image\" src=\"https:\/\/cm8.no\/wp-content\/uploads\/2025\/12\/minaret-1-1-300x300.jpg\" alt=\"minaret 1\" \/><\/figure><\/div><div class=\"swiper-slide\" role=\"group\" aria-roledescription=\"slide\" aria-label=\"7 \u0645\u0646 26\"><figure class=\"swiper-slide-inner\"><img decoding=\"async\" class=\"swiper-slide-image\" src=\"https:\/\/cm8.no\/wp-content\/uploads\/2025\/12\/lysekrone-1-300x300.jpg\" alt=\"lysekrone\" \/><\/figure><\/div><div class=\"swiper-slide\" role=\"group\" aria-roledescription=\"slide\" aria-label=\"8 \u0645\u0646 26\"><figure class=\"swiper-slide-inner\"><img decoding=\"async\" class=\"swiper-slide-image\" src=\"https:\/\/cm8.no\/wp-content\/uploads\/2025\/12\/bokhylle-1-300x300.jpg\" alt=\"bokhylle\" \/><\/figure><\/div><div class=\"swiper-slide\" role=\"group\" aria-roledescription=\"slide\" aria-label=\"9 \u0645\u0646 26\"><figure class=\"swiper-slide-inner\"><img decoding=\"async\" class=\"swiper-slide-image\" src=\"https:\/\/cm8.no\/wp-content\/uploads\/2025\/12\/ai-final-1-300x300.jpg\" alt=\"ai final\" \/><\/figure><\/div><div class=\"swiper-slide\" role=\"group\" aria-roledescription=\"slide\" aria-label=\"10 \u0645\u0646 26\"><figure class=\"swiper-slide-inner\"><img decoding=\"async\" class=\"swiper-slide-image\" src=\"https:\/\/cm8.no\/wp-content\/uploads\/2025\/12\/ai-final-4-sunset-1-300x300.jpg\" alt=\"ai final 4 sunset\" \/><\/figure><\/div><div class=\"swiper-slide\" role=\"group\" aria-roledescription=\"slide\" aria-label=\"11 \u0645\u0646 26\"><figure class=\"swiper-slide-inner\"><img decoding=\"async\" class=\"swiper-slide-image\" src=\"https:\/\/cm8.no\/wp-content\/uploads\/2025\/12\/ai-final-3-ver2-1-300x300.jpg\" alt=\"ai final 3 ver2\" \/><\/figure><\/div><div class=\"swiper-slide\" role=\"group\" aria-roledescription=\"slide\" aria-label=\"12 \u0645\u0646 26\"><figure class=\"swiper-slide-inner\"><img decoding=\"async\" class=\"swiper-slide-image\" src=\"https:\/\/cm8.no\/wp-content\/uploads\/2025\/12\/ai-final-24-v2-1-300x300.jpg\" alt=\"ai final 24 v2\" \/><\/figure><\/div><div class=\"swiper-slide\" role=\"group\" aria-roledescription=\"slide\" aria-label=\"13 \u0645\u0646 26\"><figure class=\"swiper-slide-inner\"><img decoding=\"async\" class=\"swiper-slide-image\" src=\"https:\/\/cm8.no\/wp-content\/uploads\/2025\/12\/ai-final-23-ver-2-1-300x300.jpg\" alt=\"ai final 23 ver 2\" \/><\/figure><\/div><div class=\"swiper-slide\" role=\"group\" aria-roledescription=\"slide\" aria-label=\"14 \u0645\u0646 26\"><figure class=\"swiper-slide-inner\"><img decoding=\"async\" class=\"swiper-slide-image\" src=\"https:\/\/cm8.no\/wp-content\/uploads\/2025\/12\/ai-final-22-alt-1-300x300.jpg\" alt=\"ai final 22 alt\" \/><\/figure><\/div><div class=\"swiper-slide\" role=\"group\" aria-roledescription=\"slide\" aria-label=\"15 \u0645\u0646 26\"><figure class=\"swiper-slide-inner\"><img decoding=\"async\" class=\"swiper-slide-image\" src=\"https:\/\/cm8.no\/wp-content\/uploads\/2025\/12\/ai-final-8-night-1-300x300.jpg\" alt=\"ai final 8 night\" \/><\/figure><\/div><div class=\"swiper-slide\" role=\"group\" aria-roledescription=\"slide\" aria-label=\"16 \u0645\u0646 26\"><figure class=\"swiper-slide-inner\"><img decoding=\"async\" class=\"swiper-slide-image\" src=\"https:\/\/cm8.no\/wp-content\/uploads\/2025\/12\/ai-final-20-1-300x300.jpg\" alt=\"ai final 20\" \/><\/figure><\/div><div class=\"swiper-slide\" role=\"group\" aria-roledescription=\"slide\" aria-label=\"17 \u0645\u0646 26\"><figure class=\"swiper-slide-inner\"><img decoding=\"async\" class=\"swiper-slide-image\" src=\"https:\/\/cm8.no\/wp-content\/uploads\/2025\/12\/ai-final-19-1-300x300.jpg\" alt=\"ai final 19\" \/><\/figure><\/div><div class=\"swiper-slide\" role=\"group\" aria-roledescription=\"slide\" aria-label=\"18 \u0645\u0646 26\"><figure class=\"swiper-slide-inner\"><img decoding=\"async\" class=\"swiper-slide-image\" src=\"https:\/\/cm8.no\/wp-content\/uploads\/2025\/12\/ai-final-16-1-300x300.jpg\" alt=\"ai final 16\" \/><\/figure><\/div><div class=\"swiper-slide\" role=\"group\" aria-roledescription=\"slide\" aria-label=\"19 \u0645\u0646 26\"><figure class=\"swiper-slide-inner\"><img decoding=\"async\" class=\"swiper-slide-image\" src=\"https:\/\/cm8.no\/wp-content\/uploads\/2025\/12\/ai-final-3-2-300x300.jpg\" alt=\"ai final 3\" \/><\/figure><\/div><div class=\"swiper-slide\" role=\"group\" aria-roledescription=\"slide\" aria-label=\"20 \u0645\u0646 26\"><figure class=\"swiper-slide-inner\"><img decoding=\"async\" class=\"swiper-slide-image\" src=\"https:\/\/cm8.no\/wp-content\/uploads\/2025\/12\/ai-final-15-1-300x300.jpg\" alt=\"ai final 15\" \/><\/figure><\/div><div class=\"swiper-slide\" role=\"group\" aria-roledescription=\"slide\" aria-label=\"21 \u0645\u0646 26\"><figure class=\"swiper-slide-inner\"><img decoding=\"async\" class=\"swiper-slide-image\" src=\"https:\/\/cm8.no\/wp-content\/uploads\/2025\/12\/ai-final-14-1-300x300.jpg\" alt=\"ai final 14\" \/><\/figure><\/div><div class=\"swiper-slide\" role=\"group\" aria-roledescription=\"slide\" aria-label=\"22 \u0645\u0646 26\"><figure class=\"swiper-slide-inner\"><img decoding=\"async\" class=\"swiper-slide-image\" src=\"https:\/\/cm8.no\/wp-content\/uploads\/2025\/12\/ai-final-13-1-300x300.jpg\" alt=\"ai final 13\" \/><\/figure><\/div><div class=\"swiper-slide\" role=\"group\" aria-roledescription=\"slide\" aria-label=\"23 \u0645\u0646 26\"><figure class=\"swiper-slide-inner\"><img decoding=\"async\" class=\"swiper-slide-image\" src=\"https:\/\/cm8.no\/wp-content\/uploads\/2025\/12\/ai-final-4-1-300x300.jpg\" alt=\"ai final 4\" \/><\/figure><\/div><div class=\"swiper-slide\" role=\"group\" aria-roledescription=\"slide\" aria-label=\"24 \u0645\u0646 26\"><figure class=\"swiper-slide-inner\"><img decoding=\"async\" class=\"swiper-slide-image\" src=\"https:\/\/cm8.no\/wp-content\/uploads\/2025\/12\/ai-final-11-1-300x300.jpg\" alt=\"ai final 11\" \/><\/figure><\/div><div class=\"swiper-slide\" role=\"group\" aria-roledescription=\"slide\" aria-label=\"25 \u0645\u0646 26\"><figure class=\"swiper-slide-inner\"><img decoding=\"async\" class=\"swiper-slide-image\" src=\"https:\/\/cm8.no\/wp-content\/uploads\/2025\/12\/ai-final-10-1-300x300.jpg\" alt=\"ai final 10\" \/><\/figure><\/div><div class=\"swiper-slide\" role=\"group\" aria-roledescription=\"slide\" aria-label=\"26 \u0645\u0646 26\"><figure class=\"swiper-slide-inner\"><img decoding=\"async\" class=\"swiper-slide-image\" src=\"https:\/\/cm8.no\/wp-content\/uploads\/2025\/12\/final-ai-2-300x300.jpg\" alt=\"final ai 2\" \/><\/figure><\/div>\t\t\t<\/div>\n\t\t\t\t\t\t\t\t\t\t\t\t<div class=\"elementor-swiper-button elementor-swiper-button-prev\" role=\"button\" tabindex=\"0\">\n\t\t\t\t\t\t<svg aria-hidden=\"true\" class=\"e-font-icon-svg e-eicon-chevron-left\" viewbox=\"0 0 1000 1000\" xmlns=\"http:\/\/www.w3.org\/2000\/svg\"><path d=\"M646 125C629 125 613 133 604 142L308 442C296 454 292 471 292 487 292 504 296 521 308 533L604 854C617 867 629 875 646 875 663 875 679 871 692 858 704 846 713 829 713 812 713 796 708 779 692 767L438 487 692 225C700 217 708 204 708 187 708 171 704 154 692 142 675 129 663 125 646 125Z\"><\/path><\/svg>\t\t\t\t\t<\/div>\n\t\t\t\t\t<div class=\"elementor-swiper-button elementor-swiper-button-next\" role=\"button\" tabindex=\"0\">\n\t\t\t\t\t\t<svg aria-hidden=\"true\" class=\"e-font-icon-svg e-eicon-chevron-right\" viewbox=\"0 0 1000 1000\" xmlns=\"http:\/\/www.w3.org\/2000\/svg\"><path d=\"M696 533C708 521 713 504 713 487 713 471 708 454 696 446L400 146C388 133 375 125 354 125 338 125 325 129 313 142 300 154 292 171 292 187 292 204 296 221 308 233L563 492 304 771C292 783 288 800 288 817 288 833 296 850 308 863 321 871 338 875 354 875 371 875 388 867 400 854L696 533Z\"><\/path><\/svg>\t\t\t\t\t<\/div>\n\t\t\t\t\n\t\t\t\t\t\t\t\t\t<div class=\"swiper-pagination\"><\/div>\n\t\t\t\t\t\t\t\t\t<\/div>\n\t\t\t\t\t\t<\/div>\n\t\t\t\t<\/div>\n\t\t\t\t\t<\/div>\n\t\t\t\t<\/div>\n\t\t\t\t<\/div>","protected":false},"excerpt":{"rendered":"<p>Om prosjektet Midt i hjertet av Oslo vokser et nytt og moderne boligprosjekt frem i Calmeyers gate. Her bor du i et levende bymilj\u00f8 med ro, trygghet og alt du trenger i umiddelbar n\u00e6rhet. Prosjektet kombinerer sentral beliggenhet med gjennomtenkte boligkvaliteter, gode fellesarealer og et arkitektonisk uttrykk som l\u00f8fter hele omr\u00e5det. Boligene blir del av et st\u00f8rre utviklingsprosjekt som ogs\u00e5 omfatter m\u00f8teplasser, kulturfasiliteter, undervisningsrom og vakre uteomr\u00e5der. Dette skaper et helhetlig naboskap med aktivitet, liv og fellesskap p\u00e5 tvers av generasjoner. \u00a0 Sentral beliggenhet Calmeyers gate ligger i et attraktivt og veletablert omr\u00e5de i Oslo, med gangavstand til byens viktigste funksjoner. 5\u201310 minutters gange til Oslo City, Stortinget og sentrale deler av sentrum Kort vei til Gr\u00fcnerl\u00f8kka, med et bredt utvalg av kafeer, restauranter og butikker N\u00e6r viktige kollektivknutepunkter som Jernbanetorget, Stortinget og T\u00f8yen Beliggende i rolige sidegater, med en mer tilbaketrukket og behagelig atmosf\u00e6re enn omkringliggende hovedgater Dette gir en sjelden kombinasjon av sentral tilgjengelighet og rolig bomilj\u00f8. \u00a0 Et prosjekt med kvalitet og gode m\u00f8teplasser Boligene er utviklet med fokus p\u00e5 funksjonelle planl\u00f8sninger, gode lysforhold og moderne standard. Store vindusflater, hyggelige oppholdsrom og luftige balkonger skaper boliger som er enkle \u00e5 trives i. Prosjektet vil ogs\u00e5 inkludere: Gr\u00f8nne uterom og g\u00e5rdsplass med beplantning og sitteomr\u00e5der\u00a0 Flerbrukshall og aktivitetsrom for arrangementer og n\u00e6rmilj\u00f8bruk Undervisningsfasiliteter og fleksible rom til kurs, samlinger og foredrag i de lavere etasjene\u00a0 Bibliotek og sosiale soner som skaper liv og m\u00f8teplasser Takterrasser med utsyn over byen Alt dette bidrar til et sosialt og inkluderende bomilj\u00f8.<\/p>","protected":false},"author":1,"featured_media":0,"parent":0,"menu_order":0,"comment_status":"closed","ping_status":"closed","template":"","meta":{"footnotes":""},"class_list":["post-5831","page","type-page","status-publish","hentry"],"_links":{"self":[{"href":"https:\/\/cm8.no\/ar\/wp-json\/wp\/v2\/pages\/5831","targetHints":{"allow":["GET"]}}],"collection":[{"href":"https:\/\/cm8.no\/ar\/wp-json\/wp\/v2\/pages"}],"about":[{"href":"https:\/\/cm8.no\/ar\/wp-json\/wp\/v2\/types\/page"}],"author":[{"embeddable":true,"href":"https:\/\/cm8.no\/ar\/wp-json\/wp\/v2\/users\/1"}],"replies":[{"embeddable":true,"href":"https:\/\/cm8.no\/ar\/wp-json\/wp\/v2\/comments?post=5831"}],"version-history":[{"count":21,"href":"https:\/\/cm8.no\/ar\/wp-json\/wp\/v2\/pages\/5831\/revisions"}],"predecessor-version":[{"id":6545,"href":"https:\/\/cm8.no\/ar\/wp-json\/wp\/v2\/pages\/5831\/revisions\/6545"}],"wp:attachment":[{"href":"https:\/\/cm8.no\/ar\/wp-json\/wp\/v2\/media?parent=5831"}],"curies":[{"name":"wp","href":"https:\/\/api.w.org\/{rel}","templated":true}]}}